{"id":3844,"date":"2023-10-10T17:31:12","date_gmt":"2023-10-10T15:31:12","guid":{"rendered":"https:\/\/www.edwards.com.tn\/?post_type=product&#038;p=3844"},"modified":"2023-10-12T13:44:28","modified_gmt":"2023-10-12T11:44:28","slug":"omega-table-bar","status":"publish","type":"product","link":"https:\/\/www.edwards.com.tn\/en\/product\/omega-table-bar\/","title":{"rendered":"OMEGA TABLE BAR"},"content":{"rendered":"","protected":false},"excerpt":{"rendered":"<p>Les produits d&#8217;Edwards incarnent l&#8217;\u00e9l\u00e9gance et le confort, fusionnant l&#8217;artisanat d&#8217;exception avec des mat\u00e9riaux de qualit\u00e9 pour cr\u00e9er des pi\u00e8ces uniques qui subliment chaque espace.<\/p>\n","protected":false},"featured_media":3849,"template":"","meta":[],"product_cat":[94],"product_tag":[],"class_list":{"0":"post-3844","1":"product","2":"type-product","3":"status-publish","4":"has-post-thumbnail","6":"product_cat-dining-table","8":"first","9":"instock","10":"shipping-taxable","11":"product-type-simple"},"_links":{"self":[{"href":"https:\/\/www.edwards.com.tn\/en\/wp-json\/wp\/v2\/product\/3844","targetHints":{"allow":["GET"]}}],"collection":[{"href":"https:\/\/www.edwards.com.tn\/en\/wp-json\/wp\/v2\/product"}],"about":[{"href":"https:\/\/www.edwards.com.tn\/en\/wp-json\/wp\/v2\/types\/product"}],"version-history":[{"count":1,"href":"https:\/\/www.edwards.com.tn\/en\/wp-json\/wp\/v2\/product\/3844\/revisions"}],"predecessor-version":[{"id":3845,"href":"https:\/\/www.edwards.com.tn\/en\/wp-json\/wp\/v2\/product\/3844\/revisions\/3845"}],"wp:featuredmedia":[{"embeddable":true,"href":"https:\/\/www.edwards.com.tn\/en\/wp-json\/wp\/v2\/media\/3849"}],"wp:attachment":[{"href":"https:\/\/www.edwards.com.tn\/en\/wp-json\/wp\/v2\/media?parent=3844"}],"wp:term":[{"taxonomy":"product_cat","embeddable":true,"href":"https:\/\/www.edwards.com.tn\/en\/wp-json\/wp\/v2\/product_cat?post=3844"},{"taxonomy":"product_tag","embeddable":true,"href":"https:\/\/www.edwards.com.tn\/en\/wp-json\/wp\/v2\/product_tag?post=3844"}],"curies":[{"name":"wp","href":"https:\/\/api.w.org\/{rel}","templated":true}]}}